{"id":164,"date":"2024-04-01T17:39:02","date_gmt":"2024-04-01T15:39:02","guid":{"rendered":"http:\/\/localhost\/webduotek\/?post_type=product&#038;p=164"},"modified":"2024-04-01T17:39:56","modified_gmt":"2024-04-01T15:39:56","slug":"marlin-system","status":"publish","type":"product","link":"https:\/\/duotek.cl\/?product=marlin-system","title":{"rendered":"Marlin System"},"content":{"rendered":"<p>Marlin es un instrumento transmisor de medici\u00f3n de un solo canal dise\u00f1ado expl\u00edcitamente para su uso en acuicultura.<br \/>\nUna de las ventajas fundamentales de Marlin es su resistencia al agua, lo que significa que se puede utilizar en diversos entornos h\u00famedos sin temor a sufrir da\u00f1os.<\/p>\n<p>Puede pedir Marlin con la sonda de su elecci\u00f3n para satisfacer sus necesidades espec\u00edficas:<\/p>\n<ul>\n<li>Ox\u00edgeno disuelto (electroqu\u00edmico u \u00f3ptico)<\/li>\n<li>Di\u00f3xido de carbono (CO2)<\/li>\n<li>pH\/Redox<\/li>\n<li>Presi\u00f3n Total de Gas (TGP)<\/li>\n<li>Temperatura<\/li>\n<li>Salinidad<\/li>\n<li>Ozono<\/li>\n<li>Cualquier otra sonda con entrada de 4-20 mA (por ejemplo, Modelo 420)<\/li>\n<\/ul>\n<p><strong>Compatibilidad:<\/strong><br \/>\nMarlin cuenta con una salida de 4-20 mA y MODBUS\/TCP para compatibilidad con PLC\/SCADA, lo que facilita la integraci\u00f3n de sus sistemas existentes.<\/p>\n<p>Tambi\u00e9n es compatible con Cob\u00e1lia, lo que garantiza una comunicaci\u00f3n perfecta con el sistema de gesti\u00f3n digital Cob\u00e1lia.<\/p>\n<p>Ya sea que est\u00e9 ejecutando una operaci\u00f3n de acuicultura comercial o simplemente monitoreando la calidad del agua en el estanque de su patio trasero, \u00a1Marlin es la herramienta perfecta!<\/p>\n<p>&nbsp;<\/p>\n<a href='https:\/\/www.oxyguard.dk\/media\/ek0fhbku\/b11-marlin-gb-2023-02.pdf' class='small-button smallblue' target=\"_blank\">Descargar Brochure<\/a>\n","protected":false},"excerpt":{"rendered":"<p>Marlin es un instrumento transmisor de medici\u00f3n de un solo canal dise\u00f1ado expl\u00edcitamente para su uso en acuicultura.<\/p>\n","protected":false},"featured_media":165,"comment_status":"open","ping_status":"closed","template":"","meta":{"_et_pb_use_builder":"","_et_pb_old_content":"","_et_gb_content_width":""},"product_cat":[19],"product_tag":[],"class_list":{"0":"post-164","1":"product","2":"type-product","3":"status-publish","4":"has-post-thumbnail","6":"product_cat-oxyguard-system","8":"first","9":"instock","10":"shipping-taxable","11":"product-type-simple"},"_links":{"self":[{"href":"https:\/\/duotek.cl\/index.php?rest_route=\/wp\/v2\/product\/164","targetHints":{"allow":["GET"]}}],"collection":[{"href":"https:\/\/duotek.cl\/index.php?rest_route=\/wp\/v2\/product"}],"about":[{"href":"https:\/\/duotek.cl\/index.php?rest_route=\/wp\/v2\/types\/product"}],"replies":[{"embeddable":true,"href":"https:\/\/duotek.cl\/index.php?rest_route=%2Fwp%2Fv2%2Fcomments&post=164"}],"wp:featuredmedia":[{"embeddable":true,"href":"https:\/\/duotek.cl\/index.php?rest_route=\/wp\/v2\/media\/165"}],"wp:attachment":[{"href":"https:\/\/duotek.cl\/index.php?rest_route=%2Fwp%2Fv2%2Fmedia&parent=164"}],"wp:term":[{"taxonomy":"product_cat","embeddable":true,"href":"https:\/\/duotek.cl\/index.php?rest_route=%2Fwp%2Fv2%2Fproduct_cat&post=164"},{"taxonomy":"product_tag","embeddable":true,"href":"https:\/\/duotek.cl\/index.php?rest_route=%2Fwp%2Fv2%2Fproduct_tag&post=164"}],"curies":[{"name":"wp","href":"https:\/\/api.w.org\/{rel}","templated":true}]}}