{"id":160,"date":"2024-04-01T17:32:35","date_gmt":"2024-04-01T15:32:35","guid":{"rendered":"http:\/\/localhost\/webduotek\/?post_type=product&#038;p=160"},"modified":"2024-04-01T17:36:33","modified_gmt":"2024-04-01T15:36:33","slug":"pacific","status":"publish","type":"product","link":"https:\/\/duotek.cl\/?product=pacific","title":{"rendered":"Pacific System"},"content":{"rendered":"<p>Pacific es un sistema de medici\u00f3n, seguimiento y control dise\u00f1ado para su uso en pisciculturas. Es multicanal y multipar\u00e1metro y forma un sistema completo modular de peque\u00f1o tama\u00f1o. Miembro de la serie de equipos Commander, se puede utilizar como sistema independiente o como parte de un sistema Commander Pacific m\u00e1s grande.<\/p>\n<ul>\n<li>Hasta 20 sondas: cableadas, inal\u00e1mbricas<\/li>\n<li>Combinaci\u00f3n de rel\u00e9s y entradas\/salidas digitales (hasta 30 de cada uno)<\/li>\n<li>P-NET, API \u2013 Interfaz, TCP\/Modbus, TCP\/IP, USB<\/li>\n<li>Registrador de datos incorporado<\/li>\n<li>Pantalla t\u00e1ctil<\/li>\n<\/ul>\n<p>&nbsp;<\/p>\n<a href='https:\/\/www.oxyguard.dk\/media\/1cnfx5cd\/oxyguard-pacific-092022-gb.pdf' class='small-button smallblue' target=\"_blank\">Descargar Brochure<\/a>\n<h3><strong>Otros componentes para mayor funcionalidad<\/strong><\/h3>\n<p><strong>Sondas digitales<\/strong>: DO \u00f3ptica, Salinidad, TGP, O3<br \/>\n<strong>Sondas anal\u00f3gicas<\/strong>: DO, PH, Redox (ORP), CO2, Temp.<\/p>\n<p><strong>Pac\u00edfico principal \/ Pac\u00edfico combinado<\/strong><\/p>\n<ul>\n<li>4 sondas anal\u00f3gicas<\/li>\n<li>2 (0) sondas digitales*<\/li>\n<li>6 entradas y\/o salidas on\/off<\/li>\n<li>6 rel\u00e9s de salida<\/li>\n<\/ul>\n<p><strong>Pac\u00edfico principal XD \/ Pac\u00edfico combinado XD<\/strong><\/p>\n<ul>\n<li>3 sondas anal\u00f3gicas<\/li>\n<li>4 (2) sondas digitales*<\/li>\n<li>6 entradas y\/o salidas on\/off<\/li>\n<li>6 rel\u00e9s de salida<\/li>\n<\/ul>\n<p><strong>IA principal del Pac\u00edfico \/ IA combinada del Pac\u00edfico<br \/>\n<\/strong><\/p>\n<ul>\n<li>2 sondas anal\u00f3gicas<\/li>\n<li>2 (0)sondas digitales*<\/li>\n<li>5 entradas y\/o salidas on\/off<\/li>\n<li>5 rel\u00e9s de salida<\/li>\n<li>E\/S de 4 mA<\/li>\n<\/ul>\n<p><strong>* Tenga en cuenta que cuando una unidad principal Pacific se combina con una o m\u00e1s cajas de extensi\u00f3n, se pueden conectar menos sondas digitales o ninguna.<\/strong><\/p>\n<p><strong>E\/S del Pac\u00edfico<\/strong><\/p>\n<ul>\n<li>2 sondas digitales<\/li>\n<li>8 encendido\/apagado (entradas, salidas o una combinaci\u00f3n)<\/li>\n<\/ul>\n<p><strong>Sonda del Pac\u00edfico<\/strong><\/p>\n<ul>\n<li>8 sondas anal\u00f3gicas<\/li>\n<li>2 sondas digitales<\/li>\n<\/ul>\n<p><strong>An\u00e1logo del Pac\u00edfico (4-20 mA)<\/strong><\/p>\n<ul>\n<li>Entradas\/salidas de 8 mA para dispositivos activos y pasivos como sensores, caudal\u00edmetros, etc., o control de v\u00e1lvulas, bombas, etc.<\/li>\n<\/ul>\n<p><strong>Unidad de sonda del Pac\u00edfico XD<\/strong><\/p>\n<ul>\n<li>14 sondas digitales<\/li>\n<\/ul>\n<p>&nbsp;<\/p>\n<section id=\"\" class=\"section article article--wide article--multicolumn observed\">\n<div class=\"article__wrapper\" style=\"text-align: center;\"><img loading=\"lazy\" decoding=\"async\" class=\"alignnone size-large wp-image-162\" src=\"http:\/\/localhost\/webduotek\/wp-content\/uploads\/2024\/04\/pacific-cases-1024x426.jpg\" alt=\"\" width=\"1024\" height=\"426\" srcset=\"http:\/\/localhost\/webduotek\/wp-content\/uploads\/2024\/04\/pacific-cases-1024x426.jpg 1024w, http:\/\/localhost\/webduotek\/wp-content\/uploads\/2024\/04\/pacific-cases-980x408.jpg 980w, http:\/\/localhost\/webduotek\/wp-content\/uploads\/2024\/04\/pacific-cases-480x200.jpg 480w\" sizes=\"(min-width: 0px) and (max-width: 480px) 480px, (min-width: 481px) and (max-width: 980px) 980px, (min-width: 981px) 1024px, 100vw\" \/><\/div>\n<\/section>\n","protected":false},"excerpt":{"rendered":"<p>Pacific es un sistema de medici\u00f3n, seguimiento y control dise\u00f1ado para su uso en pisciculturas<\/p>\n","protected":false},"featured_media":161,"comment_status":"open","ping_status":"closed","template":"","meta":{"_et_pb_use_builder":"","_et_pb_old_content":"","_et_gb_content_width":""},"product_cat":[19],"product_tag":[],"class_list":{"0":"post-160","1":"product","2":"type-product","3":"status-publish","4":"has-post-thumbnail","6":"product_cat-oxyguard-system","8":"first","9":"instock","10":"shipping-taxable","11":"product-type-simple"},"_links":{"self":[{"href":"https:\/\/duotek.cl\/index.php?rest_route=\/wp\/v2\/product\/160","targetHints":{"allow":["GET"]}}],"collection":[{"href":"https:\/\/duotek.cl\/index.php?rest_route=\/wp\/v2\/product"}],"about":[{"href":"https:\/\/duotek.cl\/index.php?rest_route=\/wp\/v2\/types\/product"}],"replies":[{"embeddable":true,"href":"https:\/\/duotek.cl\/index.php?rest_route=%2Fwp%2Fv2%2Fcomments&post=160"}],"wp:featuredmedia":[{"embeddable":true,"href":"https:\/\/duotek.cl\/index.php?rest_route=\/wp\/v2\/media\/161"}],"wp:attachment":[{"href":"https:\/\/duotek.cl\/index.php?rest_route=%2Fwp%2Fv2%2Fmedia&parent=160"}],"wp:term":[{"taxonomy":"product_cat","embeddable":true,"href":"https:\/\/duotek.cl\/index.php?rest_route=%2Fwp%2Fv2%2Fproduct_cat&post=160"},{"taxonomy":"product_tag","embeddable":true,"href":"https:\/\/duotek.cl\/index.php?rest_route=%2Fwp%2Fv2%2Fproduct_tag&post=160"}],"curies":[{"name":"wp","href":"https:\/\/api.w.org\/{rel}","templated":true}]}}