{"id":158,"date":"2024-04-01T17:21:06","date_gmt":"2024-04-01T15:21:06","guid":{"rendered":"http:\/\/localhost\/webduotek\/?post_type=product&#038;p=158"},"modified":"2024-04-01T17:21:06","modified_gmt":"2024-04-01T15:21:06","slug":"commander-pacific","status":"publish","type":"product","link":"https:\/\/duotek.cl\/?product=commander-pacific","title":{"rendered":"Commander Pacific"},"content":{"rendered":"<p>Los sistemas Commander Pacific son sistemas de control de procesos que pueden fabricarse en cualquier tama\u00f1o pr\u00e1ctico y pueden monitorear y controlar todo en la piscifactor\u00eda.<\/p>\n<p>&nbsp;<\/p>\n<a href='https:\/\/www.oxyguard.dk\/media\/udnbapne\/oxyguard-pacific-082021-gb-compressed.pdf' class='small-button smallblue' target=\"_blank\">Descargar Brochure<\/a>\n","protected":false},"excerpt":{"rendered":"<p>Los sistemas Commander Pacific son sistemas de control de procesos.<\/p>\n","protected":false},"featured_media":159,"comment_status":"open","ping_status":"closed","template":"","meta":{"_et_pb_use_builder":"","_et_pb_old_content":"","_et_gb_content_width":""},"product_cat":[19],"product_tag":[],"class_list":{"0":"post-158","1":"product","2":"type-product","3":"status-publish","4":"has-post-thumbnail","6":"product_cat-oxyguard-system","8":"first","9":"instock","10":"shipping-taxable","11":"product-type-simple"},"_links":{"self":[{"href":"https:\/\/duotek.cl\/index.php?rest_route=\/wp\/v2\/product\/158","targetHints":{"allow":["GET"]}}],"collection":[{"href":"https:\/\/duotek.cl\/index.php?rest_route=\/wp\/v2\/product"}],"about":[{"href":"https:\/\/duotek.cl\/index.php?rest_route=\/wp\/v2\/types\/product"}],"replies":[{"embeddable":true,"href":"https:\/\/duotek.cl\/index.php?rest_route=%2Fwp%2Fv2%2Fcomments&post=158"}],"wp:featuredmedia":[{"embeddable":true,"href":"https:\/\/duotek.cl\/index.php?rest_route=\/wp\/v2\/media\/159"}],"wp:attachment":[{"href":"https:\/\/duotek.cl\/index.php?rest_route=%2Fwp%2Fv2%2Fmedia&parent=158"}],"wp:term":[{"taxonomy":"product_cat","embeddable":true,"href":"https:\/\/duotek.cl\/index.php?rest_route=%2Fwp%2Fv2%2Fproduct_cat&post=158"},{"taxonomy":"product_tag","embeddable":true,"href":"https:\/\/duotek.cl\/index.php?rest_route=%2Fwp%2Fv2%2Fproduct_tag&post=158"}],"curies":[{"name":"wp","href":"https:\/\/api.w.org\/{rel}","templated":true}]}}