{"id":156,"date":"2024-04-01T15:48:01","date_gmt":"2024-04-01T13:48:01","guid":{"rendered":"http:\/\/localhost\/webduotek\/?post_type=product&#038;p=156"},"modified":"2024-04-01T16:53:23","modified_gmt":"2024-04-01T14:53:23","slug":"display","status":"publish","type":"product","link":"https:\/\/duotek.cl\/?product=display","title":{"rendered":"Display OxyGuard"},"content":{"rendered":"<p>El Display OxyGuard D205 es un indicador local para se\u00f1ales de bucle de corriente de 4-20 mA.<\/p>\n<p>Est\u00e1 calibrado de f\u00e1brica y se configura f\u00e1cilmente eligiendo de una lista de los par\u00e1metros y rangos m\u00e1s comunes.<\/p>\n<p>&nbsp;<\/p>\n<a href='https:\/\/www.oxyguard.dk\/media\/2a0h3g1s\/b05-d205-brochure-gbdk-2014-011.pdf' class='small-button smallblue' target=\"_blank\">Descarga Brochure<\/a>\n","protected":false},"excerpt":{"rendered":"<p>El Display OxyGuard D205 es un indicador local para se\u00f1ales de bucle de corriente de 4-20 mA.<\/p>\n","protected":false},"featured_media":157,"comment_status":"open","ping_status":"closed","template":"","meta":{"_et_pb_use_builder":"","_et_pb_old_content":"","_et_gb_content_width":""},"product_cat":[19],"product_tag":[],"class_list":{"0":"post-156","1":"product","2":"type-product","3":"status-publish","4":"has-post-thumbnail","6":"product_cat-oxyguard-system","8":"first","9":"instock","10":"shipping-taxable","11":"product-type-simple"},"_links":{"self":[{"href":"https:\/\/duotek.cl\/index.php?rest_route=\/wp\/v2\/product\/156","targetHints":{"allow":["GET"]}}],"collection":[{"href":"https:\/\/duotek.cl\/index.php?rest_route=\/wp\/v2\/product"}],"about":[{"href":"https:\/\/duotek.cl\/index.php?rest_route=\/wp\/v2\/types\/product"}],"replies":[{"embeddable":true,"href":"https:\/\/duotek.cl\/index.php?rest_route=%2Fwp%2Fv2%2Fcomments&post=156"}],"wp:featuredmedia":[{"embeddable":true,"href":"https:\/\/duotek.cl\/index.php?rest_route=\/wp\/v2\/media\/157"}],"wp:attachment":[{"href":"https:\/\/duotek.cl\/index.php?rest_route=%2Fwp%2Fv2%2Fmedia&parent=156"}],"wp:term":[{"taxonomy":"product_cat","embeddable":true,"href":"https:\/\/duotek.cl\/index.php?rest_route=%2Fwp%2Fv2%2Fproduct_cat&post=156"},{"taxonomy":"product_tag","embeddable":true,"href":"https:\/\/duotek.cl\/index.php?rest_route=%2Fwp%2Fv2%2Fproduct_tag&post=156"}],"curies":[{"name":"wp","href":"https:\/\/api.w.org\/{rel}","templated":true}]}}