{"id":154,"date":"2024-04-01T15:39:03","date_gmt":"2024-04-01T13:39:03","guid":{"rendered":"http:\/\/localhost\/webduotek\/?post_type=product&#038;p=154"},"modified":"2024-04-01T15:39:03","modified_gmt":"2024-04-01T13:39:03","slug":"co2-analyser","status":"publish","type":"product","link":"https:\/\/duotek.cl\/?product=co2-analyser","title":{"rendered":"CO2 Analyser"},"content":{"rendered":"<p>El OxyGuard CO2 Portable es un instrumento confiable y f\u00e1cil de usar que mide la concentraci\u00f3n de di\u00f3xido de carbono libre disuelto directamente en el agua. La concentraci\u00f3n de CO2 se muestra en la pantalla y hay una salida anal\u00f3gica.<\/p>\n<p>El OxyGuard CO2 mide el CO2 libre disuelto directamente y no se ve afectado por carbonatos u otras sustancias disueltas. Es el CO2 libre disuelto, es decir, la presi\u00f3n parcial del gas CO2, el que afecta a los peces. El OxyGuard CO2 proporciona as\u00ed mediciones sencillas, continuas y directas de la cantidad de di\u00f3xido de carbono en el agua que afectar\u00e1 a los peces.<\/p>\n<p>El analizador es f\u00e1cil de calibrar usando los ajustes de \u201cpendiente\u201d y \u201ccero\u201d del panel frontal, despu\u00e9s de lo cual simplemente coloca la sonda en el agua y mide. Hay un ajuste de salinidad. Los intervalos de calibraci\u00f3n son largos y el OxyGuard CO2 NO necesita mantenimiento regular.<\/p>\n<p>&nbsp;<\/p>\n<a href='https:\/\/www.oxyguard.dk\/media\/xuxay3zx\/g03-oxyguard-co2-portable-brochure-gb-01-2024.pdf' class='small-button smallblue' target=\"_blank\">Descargar Brochure<\/a>\n","protected":false},"excerpt":{"rendered":"<p>El OxyGuard CO2 Portable es un instrumento confiable y f\u00e1cil de usar.<\/p>\n","protected":false},"featured_media":155,"comment_status":"open","ping_status":"closed","template":"","meta":{"_et_pb_use_builder":"","_et_pb_old_content":"","_et_gb_content_width":""},"product_cat":[18],"product_tag":[],"class_list":{"0":"post-154","1":"product","2":"type-product","3":"status-publish","4":"has-post-thumbnail","6":"product_cat-oxyguard","8":"first","9":"instock","10":"shipping-taxable","11":"product-type-simple"},"_links":{"self":[{"href":"https:\/\/duotek.cl\/index.php?rest_route=\/wp\/v2\/product\/154","targetHints":{"allow":["GET"]}}],"collection":[{"href":"https:\/\/duotek.cl\/index.php?rest_route=\/wp\/v2\/product"}],"about":[{"href":"https:\/\/duotek.cl\/index.php?rest_route=\/wp\/v2\/types\/product"}],"replies":[{"embeddable":true,"href":"https:\/\/duotek.cl\/index.php?rest_route=%2Fwp%2Fv2%2Fcomments&post=154"}],"wp:featuredmedia":[{"embeddable":true,"href":"https:\/\/duotek.cl\/index.php?rest_route=\/wp\/v2\/media\/155"}],"wp:attachment":[{"href":"https:\/\/duotek.cl\/index.php?rest_route=%2Fwp%2Fv2%2Fmedia&parent=154"}],"wp:term":[{"taxonomy":"product_cat","embeddable":true,"href":"https:\/\/duotek.cl\/index.php?rest_route=%2Fwp%2Fv2%2Fproduct_cat&post=154"},{"taxonomy":"product_tag","embeddable":true,"href":"https:\/\/duotek.cl\/index.php?rest_route=%2Fwp%2Fv2%2Fproduct_tag&post=154"}],"curies":[{"name":"wp","href":"https:\/\/api.w.org\/{rel}","templated":true}]}}