{"id":152,"date":"2024-04-01T15:36:03","date_gmt":"2024-04-01T13:36:03","guid":{"rendered":"http:\/\/localhost\/webduotek\/?post_type=product&#038;p=152"},"modified":"2024-04-01T15:39:52","modified_gmt":"2024-04-01T13:39:52","slug":"oxyguard-handy-ph","status":"publish","type":"product","link":"https:\/\/duotek.cl\/?product=oxyguard-handy-ph","title":{"rendered":"Handy pH"},"content":{"rendered":"<p>El OxyGuard Handy pH es un medidor de pH o Redox port\u00e1til, de bolsillo, dise\u00f1ado para su uso en ambientes h\u00famedos y exigentes. El medidor en s\u00ed y el conjunto de electrodos son resistentes al agua.<\/p>\n<p>Este instrumento no sufre los problemas cl\u00e1sicos asociados con los medidores de pH: el Handy pH est\u00e1 sellado para que el agua no pueda entrar por la parte superior del electrodo o los componentes electr\u00f3nicos. \u00a1Puedes dejarlo caer al agua sin da\u00f1arlo! En el Handy pH estas ventajas se combinan con la tecnolog\u00eda de microprocesador para brindar un instrumento excepcionalmente f\u00e1cil de usar.<\/p>\n<p>&nbsp;<\/p>\n<a href='https:\/\/www.oxyguard.dk\/media\/wsqm2e5r\/h04-handy-ph-brochure-gb-2021-12.pdf' class='small-button smallblue' target=\"_blank\">Descargar Brochure<\/a>\n","protected":false},"excerpt":{"rendered":"<p>El OxyGuard Handy pH dise\u00f1ado para su uso en ambientes h\u00famedos y exigentes.<\/p>\n","protected":false},"featured_media":153,"comment_status":"open","ping_status":"closed","template":"","meta":{"_et_pb_use_builder":"","_et_pb_old_content":"","_et_gb_content_width":""},"product_cat":[18],"product_tag":[],"class_list":{"0":"post-152","1":"product","2":"type-product","3":"status-publish","4":"has-post-thumbnail","6":"product_cat-oxyguard","8":"first","9":"instock","10":"shipping-taxable","11":"product-type-simple"},"_links":{"self":[{"href":"https:\/\/duotek.cl\/index.php?rest_route=\/wp\/v2\/product\/152","targetHints":{"allow":["GET"]}}],"collection":[{"href":"https:\/\/duotek.cl\/index.php?rest_route=\/wp\/v2\/product"}],"about":[{"href":"https:\/\/duotek.cl\/index.php?rest_route=\/wp\/v2\/types\/product"}],"replies":[{"embeddable":true,"href":"https:\/\/duotek.cl\/index.php?rest_route=%2Fwp%2Fv2%2Fcomments&post=152"}],"wp:featuredmedia":[{"embeddable":true,"href":"https:\/\/duotek.cl\/index.php?rest_route=\/wp\/v2\/media\/153"}],"wp:attachment":[{"href":"https:\/\/duotek.cl\/index.php?rest_route=%2Fwp%2Fv2%2Fmedia&parent=152"}],"wp:term":[{"taxonomy":"product_cat","embeddable":true,"href":"https:\/\/duotek.cl\/index.php?rest_route=%2Fwp%2Fv2%2Fproduct_cat&post=152"},{"taxonomy":"product_tag","embeddable":true,"href":"https:\/\/duotek.cl\/index.php?rest_route=%2Fwp%2Fv2%2Fproduct_tag&post=152"}],"curies":[{"name":"wp","href":"https:\/\/api.w.org\/{rel}","templated":true}]}}