{"id":150,"date":"2024-04-01T15:32:45","date_gmt":"2024-04-01T13:32:45","guid":{"rendered":"http:\/\/localhost\/webduotek\/?post_type=product&#038;p=150"},"modified":"2024-04-01T15:33:05","modified_gmt":"2024-04-01T13:33:05","slug":"150","status":"publish","type":"product","link":"https:\/\/duotek.cl\/?product=150","title":{"rendered":"Handy Salinity"},"content":{"rendered":"<p>El Handy Salinity es un instrumento port\u00e1til especialmente dise\u00f1ado para uso en acuicultura. La calibraci\u00f3n de f\u00e1brica y la compensaci\u00f3n autom\u00e1tica de temperatura lo hacen muy f\u00e1cil de usar. La pantalla muestra la salinidad directamente. La temperatura tambi\u00e9n se mide y se muestra en la pantalla.<\/p>\n<p>El instrumento incorpora funciones de verificaci\u00f3n autom\u00e1tica para garantizar la confiabilidad. La sonda est\u00e1 dise\u00f1ada para funcionar sin problemas en la medida de lo posible, con caracter\u00edsticas especialmente adecuadas para uso acu\u00edcola. Se utiliza tecnolog\u00eda inductiva para que no tenga que preocuparse por los dep\u00f3sitos en la superficie de la sonda; todo lo que tiene que hacer es asegurarse de que el orificio de la sonda est\u00e9 abierto y relativamente limpio.<\/p>\n<p>&nbsp;<\/p>\n<a href='https:\/\/www.oxyguard.dk\/media\/fvhlgjzp\/h09-handy-salinity-brochure-gb-2022-07.pdf' class='small-button smallblue' target=\"_blank\">Descargar Brochure<\/a>\n","protected":false},"excerpt":{"rendered":"<p>El Handy Salinity es un instrumento port\u00e1til especialmente dise\u00f1ado para uso en acuicultura.<\/p>\n","protected":false},"featured_media":151,"comment_status":"open","ping_status":"closed","template":"","meta":{"_et_pb_use_builder":"","_et_pb_old_content":"","_et_gb_content_width":""},"product_cat":[18],"product_tag":[],"class_list":{"0":"post-150","1":"product","2":"type-product","3":"status-publish","4":"has-post-thumbnail","6":"product_cat-oxyguard","8":"first","9":"instock","10":"shipping-taxable","11":"product-type-simple"},"_links":{"self":[{"href":"https:\/\/duotek.cl\/index.php?rest_route=\/wp\/v2\/product\/150","targetHints":{"allow":["GET"]}}],"collection":[{"href":"https:\/\/duotek.cl\/index.php?rest_route=\/wp\/v2\/product"}],"about":[{"href":"https:\/\/duotek.cl\/index.php?rest_route=\/wp\/v2\/types\/product"}],"replies":[{"embeddable":true,"href":"https:\/\/duotek.cl\/index.php?rest_route=%2Fwp%2Fv2%2Fcomments&post=150"}],"wp:featuredmedia":[{"embeddable":true,"href":"https:\/\/duotek.cl\/index.php?rest_route=\/wp\/v2\/media\/151"}],"wp:attachment":[{"href":"https:\/\/duotek.cl\/index.php?rest_route=%2Fwp%2Fv2%2Fmedia&parent=150"}],"wp:term":[{"taxonomy":"product_cat","embeddable":true,"href":"https:\/\/duotek.cl\/index.php?rest_route=%2Fwp%2Fv2%2Fproduct_cat&post=150"},{"taxonomy":"product_tag","embeddable":true,"href":"https:\/\/duotek.cl\/index.php?rest_route=%2Fwp%2Fv2%2Fproduct_tag&post=150"}],"curies":[{"name":"wp","href":"https:\/\/api.w.org\/{rel}","templated":true}]}}