{"id":148,"date":"2024-04-01T15:29:30","date_gmt":"2024-04-01T13:29:30","guid":{"rendered":"http:\/\/localhost\/webduotek\/?post_type=product&#038;p=148"},"modified":"2024-04-01T15:29:49","modified_gmt":"2024-04-01T13:29:49","slug":"148","status":"publish","type":"product","link":"https:\/\/duotek.cl\/?product=148","title":{"rendered":"Handy Polaris TGP"},"content":{"rendered":"<p>El OxyGuard Handy Polaris TGP (presi\u00f3n total de gas) es un medidor de presi\u00f3n de gas port\u00e1til. Puede funcionar en tres modos, uno en el que act\u00faa como un medidor de ox\u00edgeno disuelto (OD) Handy Polaris est\u00e1ndar, otro en el que es un medidor de presi\u00f3n total de gas que muestra las presiones como valores porcentuales de saturaci\u00f3n y otro en el que es un medidor de presi\u00f3n total de gas que muestra presiones como porcentajes de volumen.<\/p>\n<p>El usuario puede elegir qu\u00e9 valor se muestra en cifras grandes en la pantalla. \u00c9ste puede ser, por ejemplo, el valor porcentual de saturaci\u00f3n para gases distintos del ox\u00edgeno.<\/p>\n<p>El instrumento incorpora un registrador de datos. Los mensajes en la pantalla y las funciones del men\u00fa hacen que el Handy Polaris TGP sea f\u00e1cil de usar.<\/p>\n<p>&nbsp;<\/p>\n<a href='https:\/\/www.oxyguard.dk\/media\/ci4ecovk\/h08p-polaris-tgp-brochure-gb-2014-04.pdf' class='small-button smallblue' target=\"_blank\">Descargar Brochure<\/a>\n<p>&nbsp;<\/p>\n<p>&nbsp;<\/p>\n","protected":false},"excerpt":{"rendered":"<p>El OxyGuard Handy Polaris TGP (presi\u00f3n total de gas) es un medidor de presi\u00f3n de gas port\u00e1til.<\/p>\n","protected":false},"featured_media":149,"comment_status":"open","ping_status":"closed","template":"","meta":{"_et_pb_use_builder":"","_et_pb_old_content":"","_et_gb_content_width":""},"product_cat":[18],"product_tag":[],"class_list":{"0":"post-148","1":"product","2":"type-product","3":"status-publish","4":"has-post-thumbnail","6":"product_cat-oxyguard","8":"first","9":"instock","10":"shipping-taxable","11":"product-type-simple"},"_links":{"self":[{"href":"https:\/\/duotek.cl\/index.php?rest_route=\/wp\/v2\/product\/148","targetHints":{"allow":["GET"]}}],"collection":[{"href":"https:\/\/duotek.cl\/index.php?rest_route=\/wp\/v2\/product"}],"about":[{"href":"https:\/\/duotek.cl\/index.php?rest_route=\/wp\/v2\/types\/product"}],"replies":[{"embeddable":true,"href":"https:\/\/duotek.cl\/index.php?rest_route=%2Fwp%2Fv2%2Fcomments&post=148"}],"wp:featuredmedia":[{"embeddable":true,"href":"https:\/\/duotek.cl\/index.php?rest_route=\/wp\/v2\/media\/149"}],"wp:attachment":[{"href":"https:\/\/duotek.cl\/index.php?rest_route=%2Fwp%2Fv2%2Fmedia&parent=148"}],"wp:term":[{"taxonomy":"product_cat","embeddable":true,"href":"https:\/\/duotek.cl\/index.php?rest_route=%2Fwp%2Fv2%2Fproduct_cat&post=148"},{"taxonomy":"product_tag","embeddable":true,"href":"https:\/\/duotek.cl\/index.php?rest_route=%2Fwp%2Fv2%2Fproduct_tag&post=148"}],"curies":[{"name":"wp","href":"https:\/\/api.w.org\/{rel}","templated":true}]}}