{"id":248,"date":"2024-06-13T22:23:19","date_gmt":"2024-06-13T20:23:19","guid":{"rendered":"http:\/\/localhost\/webduotek\/?page_id=248"},"modified":"2025-01-24T19:12:17","modified_gmt":"2025-01-24T18:12:17","slug":"clasificadoras","status":"publish","type":"page","link":"https:\/\/duotek.cl\/?page_id=248","title":{"rendered":"Clasificadoras"},"content":{"rendered":"<p>[et_pb_section fb_built=\u00bb1&#8243; _builder_version=\u00bb4.22.2&#8243; _module_preset=\u00bbdefault\u00bb global_colors_info=\u00bb{}\u00bb][et_pb_row _builder_version=\u00bb4.22.2&#8243; _module_preset=\u00bbdefault\u00bb global_colors_info=\u00bb{}\u00bb][et_pb_column type=\u00bb4_4&#8243; _builder_version=\u00bb4.22.2&#8243; _module_preset=\u00bbdefault\u00bb global_colors_info=\u00bb{}\u00bb][et_pb_slider _builder_version=\u00bb4.27.4&#8243; _module_preset=\u00bbdefault\u00bb hover_enabled=\u00bb0&#8243; global_colors_info=\u00bb{}\u00bb sticky_enabled=\u00bb0&#8243;][et_pb_slide _builder_version=\u00bb4.27.4&#8243; _module_preset=\u00bbdefault\u00bb background_enable_color=\u00bboff\u00bb background_image=\u00bbhttp:\/\/duotek.cl\/wp-content\/uploads\/2024\/09\/maxresdefault.jpg\u00bb background_enable_image=\u00bbon\u00bb hover_enabled=\u00bb0&#8243; global_colors_info=\u00bb{}\u00bb sticky_transition=\u00bbon\u00bb title_text=\u00bbmaxresdefault\u00bb sticky_enabled=\u00bb0&#8243;][\/et_pb_slide][\/et_pb_slider][\/et_pb_column][\/et_pb_row][et_pb_row _builder_version=\u00bb4.22.2&#8243; _module_preset=\u00bbdefault\u00bb global_colors_info=\u00bb{}\u00bb][et_pb_column type=\u00bb4_4&#8243; _builder_version=\u00bb4.22.2&#8243; _module_preset=\u00bbdefault\u00bb global_colors_info=\u00bb{}\u00bb][et_pb_text _builder_version=\u00bb4.27.4&#8243; _module_preset=\u00bbdefault\u00bb hover_enabled=\u00bb0&#8243; global_colors_info=\u00bb{}\u00bb text_font_size=\u00bb16px\u00bb sticky_enabled=\u00bb0&#8243;]<\/p>\n<h1 style=\"text-align: center;\">Clasificadoras de peces<\/h1>\n<p>&nbsp;<\/p>\n<p style=\"text-align: justify;\">\u00a1Clasifica tus peces con precisi\u00f3n y eficiencia con nuestra innovadora clasificadora de peces vivos!<\/p>\n<p style=\"text-align: justify;\">\u00bfEst\u00e1s buscando una manera m\u00e1s eficiente y precisa de clasificar tus peces vivos? \u00a1Nuestra clasificadora de peces est\u00e1 aqu\u00ed para hacer que el proceso sea m\u00e1s f\u00e1cil que nunca!<\/p>\n<p style=\"text-align: justify;\"><strong>Caracter\u00edsticas destacadas<\/strong>:<\/p>\n<p style=\"text-align: justify;\"><strong>Tecnolog\u00eda de clasificaci\u00f3n avanzada<\/strong>: Nuestra clasificadora utiliza tecnolog\u00eda de vanguardia para identificar y separar peces seg\u00fan su tama\u00f1o, peso u otras caracter\u00edsticas espec\u00edficas, permiti\u00e9ndote organizarlos de manera r\u00e1pida y precisa.<\/p>\n<p style=\"text-align: justify;\"><strong>Personalizaci\u00f3n<\/strong>: Con controles intuitivos y opciones de configuraci\u00f3n flexibles, puedes ajustar f\u00e1cilmente los par\u00e1metros de clasificaci\u00f3n para adaptarse a las necesidades \u00fanicas de tus peces y de tu operaci\u00f3n.<\/p>\n<p style=\"text-align: justify;\"><strong>Eficiencia mejorada<\/strong>: Olv\u00eddate de la clasificaci\u00f3n manual tediosa y propensa a errores. Con nuestra clasificadora, puedes procesar grandes cantidades de peces en poco tiempo, optimizando as\u00ed tus operaciones y maximizando tu productividad.<\/p>\n<p style=\"text-align: justify;\"><strong>Dise\u00f1o robusto y duradero<\/strong>: Construida para resistir el uso continuo en entornos acu\u00edcolas exigentes, nuestra clasificadora est\u00e1 dise\u00f1ada para ofrecer un rendimiento confiable a lo largo del tiempo, con un mantenimiento m\u00ednimo requerido.<\/p>\n<p style=\"text-align: justify;\"><strong>Beneficios<\/strong>:<\/p>\n<p style=\"text-align: justify;\"><strong>Aumento de la productividad<\/strong>: Con una clasificaci\u00f3n r\u00e1pida y precisa, puedes optimizar tus operaciones y aumentar la eficiencia de tu negocio.<br \/><strong>Mejora en la calidad del producto<\/strong>: Al clasificar los peces seg\u00fan sus caracter\u00edsticas espec\u00edficas, puedes garantizar que cada lote cumpla con los est\u00e1ndares de calidad m\u00e1s altos, lo que aumenta el valor de tu producto final.<br \/><strong>Reducci\u00f3n de costos<\/strong>: Al minimizar el tiempo y los recursos dedicados a la clasificaci\u00f3n manual, nuestra clasificadora te ayuda a reducir los costos operativos y mejorar la rentabilidad de tu negocio.<\/p>\n<p style=\"text-align: justify;\">\u00a1Optimiza tu proceso de clasificaci\u00f3n y haz crecer tu negocio con nuestra clasificadora de peces vivos!<\/p>\n<p>[\/et_pb_text][\/et_pb_column][\/et_pb_row][et_pb_row _builder_version=\u00bb4.22.2&#8243; _module_preset=\u00bbdefault\u00bb global_colors_info=\u00bb{}\u00bb][et_pb_column type=\u00bb4_4&#8243; _builder_version=\u00bb4.22.2&#8243; _module_preset=\u00bbdefault\u00bb global_colors_info=\u00bb{}\u00bb][et_pb_shop type=\u00bbproduct_category\u00bb include_categories=\u00bb22&#8243; _builder_version=\u00bb4.22.2&#8243; _module_preset=\u00bbdefault\u00bb global_colors_info=\u00bb{}\u00bb][\/et_pb_shop][\/et_pb_column][\/et_pb_row][\/et_pb_section]<\/p>\n","protected":false},"excerpt":{"rendered":"<p>Clasificadoras de peces &nbsp; \u00a1Clasifica tus peces con precisi\u00f3n y eficiencia con nuestra innovadora clasificadora de peces vivos! \u00bfEst\u00e1s buscando una manera m\u00e1s eficiente y precisa de clasificar tus peces vivos? \u00a1Nuestra clasificadora de peces est\u00e1 aqu\u00ed para hacer que el proceso sea m\u00e1s f\u00e1cil que nunca! Caracter\u00edsticas destacadas: Tecnolog\u00eda de clasificaci\u00f3n avanzada: Nuestra clasificadora [&hellip;]<\/p>\n","protected":false},"author":1,"featured_media":0,"parent":0,"menu_order":0,"comment_status":"closed","ping_status":"closed","template":"","meta":{"_et_pb_use_builder":"on","_et_pb_old_content":"","_et_gb_content_width":"","footnotes":""},"class_list":["post-248","page","type-page","status-publish","hentry"],"_links":{"self":[{"href":"https:\/\/duotek.cl\/index.php?rest_route=\/wp\/v2\/pages\/248","targetHints":{"allow":["GET"]}}],"collection":[{"href":"https:\/\/duotek.cl\/index.php?rest_route=\/wp\/v2\/pages"}],"about":[{"href":"https:\/\/duotek.cl\/index.php?rest_route=\/wp\/v2\/types\/page"}],"author":[{"embeddable":true,"href":"https:\/\/duotek.cl\/index.php?rest_route=\/wp\/v2\/users\/1"}],"replies":[{"embeddable":true,"href":"https:\/\/duotek.cl\/index.php?rest_route=%2Fwp%2Fv2%2Fcomments&post=248"}],"version-history":[{"count":11,"href":"https:\/\/duotek.cl\/index.php?rest_route=\/wp\/v2\/pages\/248\/revisions"}],"predecessor-version":[{"id":346,"href":"https:\/\/duotek.cl\/index.php?rest_route=\/wp\/v2\/pages\/248\/revisions\/346"}],"wp:attachment":[{"href":"https:\/\/duotek.cl\/index.php?rest_route=%2Fwp%2Fv2%2Fmedia&parent=248"}],"curies":[{"name":"wp","href":"https:\/\/api.w.org\/{rel}","templated":true}]}}