{"id":190,"date":"2024-04-03T19:45:54","date_gmt":"2024-04-03T17:45:54","guid":{"rendered":"http:\/\/localhost\/webduotek\/?page_id=190"},"modified":"2025-01-28T21:41:50","modified_gmt":"2025-01-28T20:41:50","slug":"industrial","status":"publish","type":"page","link":"https:\/\/duotek.cl\/?page_id=190","title":{"rendered":"Industrial"},"content":{"rendered":"<p>[et_pb_section fb_built=\u00bb1&#8243; _builder_version=\u00bb4.22.2&#8243; _module_preset=\u00bbdefault\u00bb global_colors_info=\u00bb{}\u00bb][et_pb_row _builder_version=\u00bb4.22.2&#8243; _module_preset=\u00bbdefault\u00bb global_colors_info=\u00bb{}\u00bb][et_pb_column type=\u00bb4_4&#8243; _builder_version=\u00bb4.22.2&#8243; _module_preset=\u00bbdefault\u00bb global_colors_info=\u00bb{}\u00bb][et_pb_slider _builder_version=\u00bb4.27.4&#8243; _module_preset=\u00bbdefault\u00bb background_image=\u00bbhttp:\/\/localhost\/webduotek\/wp-content\/uploads\/2024\/04\/acoples-camlock-2.jpg\u00bb global_colors_info=\u00bb{}\u00bb][et_pb_slide _builder_version=\u00bb4.27.4&#8243; _module_preset=\u00bbdefault\u00bb header_level=\u00bbh1&#8243; body_text_color=\u00bb#FFFFFF\u00bb background_enable_color=\u00bboff\u00bb background_image=\u00bbhttp:\/\/duotek.cl\/wp-content\/uploads\/2024\/04\/MANGUERA-SUCCION-ESPIRALADA-MEDIDAS.png\u00bb background_enable_image=\u00bbon\u00bb background_layout=\u00bblight\u00bb body_text_shadow_style=\u00bbpreset2&#8243; text_shadow_style=\u00bbpreset5&#8243; text_shadow_color=\u00bb#000000&#8243; global_colors_info=\u00bb{}\u00bb sticky_transition=\u00bbon\u00bb][\/et_pb_slide][et_pb_slide _builder_version=\u00bb4.27.4&#8243; _module_preset=\u00bbdefault\u00bb background_enable_color=\u00bboff\u00bb background_image=\u00bbhttp:\/\/duotek.cl\/wp-content\/uploads\/2024\/04\/camlock.jpg\u00bb background_enable_image=\u00bbon\u00bb global_colors_info=\u00bb{}\u00bb sticky_transition=\u00bbon\u00bb][\/et_pb_slide][et_pb_slide _builder_version=\u00bb4.27.4&#8243; _module_preset=\u00bbdefault\u00bb background_enable_color=\u00bboff\u00bb background_image=\u00bbhttp:\/\/duotek.cl\/wp-content\/uploads\/2024\/04\/71njKO86cGL.jpg\u00bb background_enable_image=\u00bbon\u00bb global_colors_info=\u00bb{}\u00bb sticky_transition=\u00bbon\u00bb][\/et_pb_slide][\/et_pb_slider][\/et_pb_column][\/et_pb_row][et_pb_row column_structure=\u00bb1_2,1_2&#8243; _builder_version=\u00bb4.22.2&#8243; _module_preset=\u00bbdefault\u00bb global_colors_info=\u00bb{}\u00bb][et_pb_column type=\u00bb1_2&#8243; _builder_version=\u00bb4.22.2&#8243; _module_preset=\u00bbdefault\u00bb global_colors_info=\u00bb{}\u00bb][et_pb_image src=\u00bbhttp:\/\/localhost\/webduotek\/wp-content\/uploads\/2024\/04\/1.25-ID-hose-scaled.jpg\u00bb title_text=\u00bb1.25-ID-hose\u00bb _builder_version=\u00bb4.22.2&#8243; _module_preset=\u00bbdefault\u00bb box_shadow_style=\u00bbpreset2&#8243; global_colors_info=\u00bb{}\u00bb][\/et_pb_image][\/et_pb_column][et_pb_column type=\u00bb1_2&#8243; _builder_version=\u00bb4.22.2&#8243; _module_preset=\u00bbdefault\u00bb global_colors_info=\u00bb{}\u00bb][et_pb_text _builder_version=\u00bb4.22.2&#8243; _module_preset=\u00bbdefault\u00bb global_colors_info=\u00bb{}\u00bb]<\/p>\n<h2><strong>Liquiflex\u00ae<\/strong><\/h2>\n<ul>\n<li>Manguera de PVC flexible color amarillo transl\u00facido, con espiral reforzado en PVC r\u00edgido pr\u00e1cticamente indeformable y antichoque, que le otorgan gran rigidez.<\/li>\n<li>Superficie interior lisa.<\/li>\n<li>Resistente a la abrasi\u00f3n.<\/li>\n<li>Rango de temperatura de trabajo -10\u00b0C a 60\u00b0C.<\/li>\n<li>Radio m\u00ednimo curvatura igual a 4 veces su di\u00e1metro interno.<\/li>\n<li>Sus principales aplicaciones son el trasvase y conducci\u00f3n de productos qu\u00edmicos y l\u00edquidos en general, especialmente cuando se requiera flexibilidad.<\/li>\n<\/ul>\n<p>[\/et_pb_text][\/et_pb_column][\/et_pb_row][et_pb_row column_structure=\u00bb1_2,1_2&#8243; _builder_version=\u00bb4.22.2&#8243; _module_preset=\u00bbdefault\u00bb global_colors_info=\u00bb{}\u00bb][et_pb_column type=\u00bb1_2&#8243; _builder_version=\u00bb4.22.2&#8243; _module_preset=\u00bbdefault\u00bb global_colors_info=\u00bb{}\u00bb][et_pb_text _builder_version=\u00bb4.22.2&#8243; _module_preset=\u00bbdefault\u00bb global_colors_info=\u00bb{}\u00bb]<\/p>\n<div class=\"fusion-text fusion-text-7 fusion-text-no-margin\">\n<h2><strong>Aquaflex<\/strong><strong>\u00ae<\/strong><\/h2>\n<\/div>\n<div class=\"fusion-text fusion-text-8\">\n<ul>\n<li>Manguera de PVC flexible color azul transl\u00facido, con espiral reforzado en PVC r\u00edgido pr\u00e1cticamente indeformable y antichoque, que le otorgan gran rigidez.<\/li>\n<li>Superficie interior lisa.<\/li>\n<li>Resistente a la abrasi\u00f3n.<\/li>\n<li>Rango de temperatura de trabajo -10\u00b0C a 60\u00b0C.<\/li>\n<li>Radio m\u00ednimo curvatura igual a 4 veces su di\u00e1metro interno.<\/li>\n<li>Sus principales aplicaciones son el trasvase y conducci\u00f3n de productos qu\u00edmicos y l\u00edquidos en general, especialmente cuando se requiera flexibilidad.<\/li>\n<\/ul>\n<\/div>\n<p>[\/et_pb_text][\/et_pb_column][et_pb_column type=\u00bb1_2&#8243; _builder_version=\u00bb4.22.2&#8243; _module_preset=\u00bbdefault\u00bb global_colors_info=\u00bb{}\u00bb][et_pb_image src=\u00bbhttp:\/\/localhost\/webduotek\/wp-content\/uploads\/2024\/04\/20210624.png\u00bb title_text=\u00bb20210624&#8243; _builder_version=\u00bb4.22.2&#8243; _module_preset=\u00bbdefault\u00bb global_colors_info=\u00bb{}\u00bb][\/et_pb_image][\/et_pb_column][\/et_pb_row][et_pb_row column_structure=\u00bb1_2,1_2&#8243; _builder_version=\u00bb4.22.2&#8243; _module_preset=\u00bbdefault\u00bb global_colors_info=\u00bb{}\u00bb][et_pb_column type=\u00bb1_2&#8243; _builder_version=\u00bb4.22.2&#8243; _module_preset=\u00bbdefault\u00bb global_colors_info=\u00bb{}\u00bb][et_pb_image src=\u00bbhttp:\/\/localhost\/webduotek\/wp-content\/uploads\/2024\/04\/1086_cobisuperelastic_hochflexibler_pvc_saug_und_druckschlauch_silbergrau_mit_hart_pvc_spirale_fuer_kommunalfahrzeuge_pvc_buna_gemisch_rolle_1920x1920.png\u00bb title_text=\u00bb1086_cobisuperelastic_hochflexibler_pvc_saug_und_druckschlauch_silbergrau_mit_hart_pvc_spirale_fuer_kommunalfahrzeuge_pvc_buna_gemisch_rolle_1920x1920&#8243; _builder_version=\u00bb4.22.2&#8243; _module_preset=\u00bbdefault\u00bb global_colors_info=\u00bb{}\u00bb][\/et_pb_image][\/et_pb_column][et_pb_column type=\u00bb1_2&#8243; _builder_version=\u00bb4.22.2&#8243; _module_preset=\u00bbdefault\u00bb global_colors_info=\u00bb{}\u00bb][et_pb_text _builder_version=\u00bb4.22.2&#8243; _module_preset=\u00bbdefault\u00bb global_colors_info=\u00bb{}\u00bb]<\/p>\n<div class=\"fusion-text fusion-text-28 fusion-text-no-margin\">\n<h2><strong>Airflex\u00ae\u00a0Liviana\u00a0<\/strong><\/h2>\n<\/div>\n<div class=\"fusion-text fusion-text-29\">\n<ul>\n<li>Manguera flexible de PVC flexible color gris, con espiral reforzado en PVC r\u00edgido color blanco.<\/li>\n<li>Superficie interior presenta 100 % visible el espiral.<\/li>\n<li>Radio de curvatura igual a di\u00e1metro interior, no requiere curvas.<\/li>\n<li>Temperatura de trabajo: -10 \u00b0C a 60 \u00b0C.<\/li>\n<li>Autoextinguible<br \/>Resistente a la corrosi\u00f3n.<\/li>\n<\/ul>\n<p><b data-fusion-font=\"true\">Aplicaciones<\/b><br \/>Ventilaci\u00f3n, aspiraci\u00f3n liviana de polvos, humos o gases fr\u00edos.<\/p>\n<\/div>\n<p>[\/et_pb_text][\/et_pb_column][\/et_pb_row][et_pb_row column_structure=\u00bb1_2,1_2&#8243; _builder_version=\u00bb4.22.2&#8243; _module_preset=\u00bbdefault\u00bb global_colors_info=\u00bb{}\u00bb][et_pb_column type=\u00bb1_2&#8243; _builder_version=\u00bb4.22.2&#8243; _module_preset=\u00bbdefault\u00bb global_colors_info=\u00bb{}\u00bb][et_pb_text _builder_version=\u00bb4.22.2&#8243; _module_preset=\u00bbdefault\u00bb global_colors_info=\u00bb{}\u00bb]<\/p>\n<div class=\"fusion-text fusion-text-32 fusion-text-no-margin\">\n<h2><strong>Airflex\u00ae\u00a0Extra Pesada<\/strong><span>\u00a0<\/span><\/h2>\n<\/div>\n<div class=\"fusion-text fusion-text-33\">\n<ul>\n<li>Tuber\u00eda semi-flexible de PVC flexible de trasl\u00facida, con espiral reforzado en PVC r\u00edgido color blanco.<\/li>\n<li>Superficie interior lisa, r\u00edgido cubierto por flexible.<\/li>\n<li>Temperatura de trabajo: -10 \u00b0C a 60 \u00b0C.<\/li>\n<li>Radio m\u00ednimo de curvatura 3,5 veces el di\u00e1metro interior .<\/li>\n<li>Resistente a la corrosi\u00f3n.<\/li>\n<\/ul>\n<p><b data-fusion-font=\"true\">Aplicaciones<\/b><br \/>Aspiraci\u00f3n e impulsi\u00f3n de polvos, humos o gases fr\u00edos.<br \/>Ductos para ventilaci\u00f3n industrial.<br \/>Transporte de alevines.<\/p>\n<\/div>\n<p>[\/et_pb_text][\/et_pb_column][et_pb_column type=\u00bb1_2&#8243; _builder_version=\u00bb4.22.2&#8243; _module_preset=\u00bbdefault\u00bb global_colors_info=\u00bb{}\u00bb][et_pb_image src=\u00bbhttp:\/\/localhost\/webduotek\/wp-content\/uploads\/2024\/04\/spiral-reinforced-suction-hoses-scaled.jpg\u00bb title_text=\u00bbspiral-reinforced-suction-hoses\u00bb _builder_version=\u00bb4.22.2&#8243; _module_preset=\u00bbdefault\u00bb global_colors_info=\u00bb{}\u00bb][\/et_pb_image][\/et_pb_column][\/et_pb_row][et_pb_row _builder_version=\u00bb4.22.2&#8243; _module_preset=\u00bbdefault\u00bb global_colors_info=\u00bb{}\u00bb][et_pb_column type=\u00bb4_4&#8243; _builder_version=\u00bb4.22.2&#8243; _module_preset=\u00bbdefault\u00bb global_colors_info=\u00bb{}\u00bb][et_pb_divider _builder_version=\u00bb4.22.2&#8243; _module_preset=\u00bbdefault\u00bb global_colors_info=\u00bb{}\u00bb][\/et_pb_divider][\/et_pb_column][\/et_pb_row][et_pb_row column_structure=\u00bb1_2,1_2&#8243; _builder_version=\u00bb4.22.2&#8243; _module_preset=\u00bbdefault\u00bb global_colors_info=\u00bb{}\u00bb][et_pb_column type=\u00bb1_2&#8243; _builder_version=\u00bb4.22.2&#8243; _module_preset=\u00bbdefault\u00bb global_colors_info=\u00bb{}\u00bb][et_pb_image src=\u00bbhttp:\/\/localhost\/webduotek\/wp-content\/uploads\/2024\/04\/51OpjQCi5BL.jpg\u00bb title_text=\u00bbVersion 1.0.0&#8243; _builder_version=\u00bb4.22.2&#8243; _module_preset=\u00bbdefault\u00bb global_colors_info=\u00bb{}\u00bb][\/et_pb_image][\/et_pb_column][et_pb_column type=\u00bb1_2&#8243; _builder_version=\u00bb4.22.2&#8243; _module_preset=\u00bbdefault\u00bb global_colors_info=\u00bb{}\u00bb][et_pb_text _builder_version=\u00bb4.22.2&#8243; _module_preset=\u00bbdefault\u00bb global_colors_info=\u00bb{}\u00bb]<\/p>\n<h2><strong>Maguera descarga<\/strong><\/h2>\n<h3><\/h3>\n<p>Es un modelo de manguera para riego y conducci\u00f3n de agua.<\/p>\n<p>Gracias a su refuerzo, puede aguantar un rango alto de presi\u00f3n (seg\u00fan di\u00e1metro), mas que el modelo verde.<\/p>\n<p>Permite impulsar agua para todo tipo de riegos y aplicaciones:<\/p>\n<ul>\n<li>Sector acu\u00edcola<\/li>\n<li>Sector agr\u00edcola<\/li>\n<li>Sector industrial<\/li>\n<\/ul>\n<p>Rango de trabajo entre -20\u00baC a 60\u00baC.\u00a0<\/p>\n<p>[\/et_pb_text][\/et_pb_column][\/et_pb_row][et_pb_row column_structure=\u00bb1_2,1_2&#8243; _builder_version=\u00bb4.22.2&#8243; _module_preset=\u00bbdefault\u00bb global_colors_info=\u00bb{}\u00bb][et_pb_column type=\u00bb1_2&#8243; _builder_version=\u00bb4.22.2&#8243; _module_preset=\u00bbdefault\u00bb global_colors_info=\u00bb{}\u00bb][et_pb_text _builder_version=\u00bb4.22.2&#8243; _module_preset=\u00bbdefault\u00bb global_colors_info=\u00bb{}\u00bb]<\/p>\n<h2><strong>Acoples Camlock<\/strong><\/h2>\n<ul>\n<li>Acoples Camlock de Aluminio y Acero Inoxidable para la industria acu\u00edcola y de conducci\u00f3n de agua.<\/li>\n<li>Conexi\u00f3n r\u00e1pida, segura y vers\u00e1til para mejorar la eficiencia operativa.<\/li>\n<li>Beneficios clave: ahorro de tiempo, seguridad y eficiencia en el manejo de l\u00edquidos.<\/li>\n<li>Calidad premium, innovaci\u00f3n en el dise\u00f1o y cumplimiento de est\u00e1ndares de calidad.<\/li>\n<li>Cont\u00e1ctenos hoy mismo para solicitar una cotizaci\u00f3n o m\u00e1s informaci\u00f3n sobre nuestros productos.<\/li>\n<\/ul>\n<p>[\/et_pb_text][\/et_pb_column][et_pb_column type=\u00bb1_2&#8243; _builder_version=\u00bb4.22.2&#8243; _module_preset=\u00bbdefault\u00bb global_colors_info=\u00bb{}\u00bb][et_pb_image src=\u00bbhttp:\/\/localhost\/webduotek\/wp-content\/uploads\/2024\/04\/Acoples-Camlock.jpg\u00bb title_text=\u00bbAcoples-Camlock\u00bb _builder_version=\u00bb4.22.2&#8243; _module_preset=\u00bbdefault\u00bb global_colors_info=\u00bb{}\u00bb][\/et_pb_image][\/et_pb_column][\/et_pb_row][et_pb_row column_structure=\u00bb1_2,1_2&#8243; _builder_version=\u00bb4.22.2&#8243; _module_preset=\u00bbdefault\u00bb global_colors_info=\u00bb{}\u00bb][et_pb_column type=\u00bb1_2&#8243; _builder_version=\u00bb4.22.2&#8243; _module_preset=\u00bbdefault\u00bb global_colors_info=\u00bb{}\u00bb][et_pb_image src=\u00bbhttp:\/\/localhost\/webduotek\/wp-content\/uploads\/2024\/04\/abrazaderaInox2.jpeg\u00bb title_text=\u00bbabrazaderaInox2&#8243; _builder_version=\u00bb4.22.2&#8243; _module_preset=\u00bbdefault\u00bb global_colors_info=\u00bb{}\u00bb][\/et_pb_image][\/et_pb_column][et_pb_column type=\u00bb1_2&#8243; _builder_version=\u00bb4.22.2&#8243; _module_preset=\u00bbdefault\u00bb global_colors_info=\u00bb{}\u00bb][et_pb_text _builder_version=\u00bb4.22.2&#8243; _module_preset=\u00bbdefault\u00bb global_colors_info=\u00bb{}\u00bb]<\/p>\n<h2><strong>Abrazeras de alta presi\u00f3n acero inox<\/strong><\/h2>\n<p><strong><\/strong><\/p>\n<p style=\"text-align: justify;\"><span>Las abrazaderas de alta presi\u00f3n de acero inoxidable son dispositivos dise\u00f1ados para proporcionar una sujeci\u00f3n firme y segura en aplicaciones que involucran presiones elevadas. Est\u00e1n fabricadas principalmente con acero inoxidable, un material conocido por su resistencia a la corrosi\u00f3n y durabilidad<\/span><\/p>\n<p style=\"text-align: justify;\"><span>Estas abrazaderas suelen tener un dise\u00f1o tipo tornillo, con una banda ajustable que se aprieta alrededor del objeto a sujetar mediante un tornillo. El material de acero inoxidable les proporciona una alta resistencia a la tracci\u00f3n, lo que les permite soportar fuerzas considerables sin deformarse o romperse.<\/span><\/p>\n<p style=\"text-align: justify;\"><span>Su uso es com\u00fan en sistemas de tuber\u00edas, especialmente en aplicaciones industriales, automotrices o mar\u00edtimas donde se requiere una sujeci\u00f3n robusta y confiable. Adem\u00e1s de resistir la presi\u00f3n interna de los fluidos, tambi\u00e9n son capaces de soportar condiciones ambientales adversas, como la exposici\u00f3n a la humedad, la salinidad o temperaturas extremas.<\/span><\/p>\n<p>[\/et_pb_text][\/et_pb_column][\/et_pb_row][et_pb_row column_structure=\u00bb1_2,1_2&#8243; _builder_version=\u00bb4.22.2&#8243; _module_preset=\u00bbdefault\u00bb global_colors_info=\u00bb{}\u00bb][et_pb_column type=\u00bb1_2&#8243; _builder_version=\u00bb4.22.2&#8243; _module_preset=\u00bbdefault\u00bb global_colors_info=\u00bb{}\u00bb][et_pb_code _builder_version=\u00bb4.22.2&#8243; _module_preset=\u00bbdefault\u00bb global_colors_info=\u00bb{}\u00bb]<iframe src=\"https:\/\/www.google.com\/maps\/embed?pb=!1m18!1m12!1m3!1d2990.004056118663!2d-72.97082272393293!3d-41.460827351144694!2m3!1f0!2f0!3f0!3m2!1i1024!2i768!4f13.1!3m3!1m2!1s0x96183b99129b2d8b%3A0xcaae76689ae98678!2sDuotek%20Services%20SpA!5e0!3m2!1ses-419!2sus!4v1713208410188!5m2!1ses-419!2sus\" width=\"600\" height=\"450\" style=\"border:0;\" allowfullscreen=\"\" loading=\"lazy\" referrerpolicy=\"no-referrer-when-downgrade\"><\/iframe>[\/et_pb_code][\/et_pb_column][et_pb_column type=\u00bb1_2&#8243; _builder_version=\u00bb4.22.2&#8243; _module_preset=\u00bbdefault\u00bb global_colors_info=\u00bb{}\u00bb][et_pb_text _builder_version=\u00bb4.27.4&#8243; _module_preset=\u00bbdefault\u00bb hover_enabled=\u00bb0&#8243; global_colors_info=\u00bb{}\u00bb sticky_enabled=\u00bb0&#8243;]<\/p>\n<h3><strong>CONTACTO<\/strong><\/h3>\n<p><strong>Soledad S\u00e1nchez<\/strong><\/p>\n<p><strong><a href=\"mailto:soledad@duotekspa.cl\">soledad@duotekspa.cl<\/a><\/strong><\/p>\n<p><strong><span style=\"color: #ff0000;\">+56 9 9073 7530<\/span><\/strong><\/p>\n<p>[\/et_pb_text][\/et_pb_column][\/et_pb_row][\/et_pb_section]<\/p>\n","protected":false},"excerpt":{"rendered":"<p>Liquiflex\u00ae Manguera de PVC flexible color amarillo transl\u00facido, con espiral reforzado en PVC r\u00edgido pr\u00e1cticamente indeformable y antichoque, que le otorgan gran rigidez. Superficie interior lisa. Resistente a la abrasi\u00f3n. Rango de temperatura de trabajo -10\u00b0C a 60\u00b0C. Radio m\u00ednimo curvatura igual a 4 veces su di\u00e1metro interno. Sus principales aplicaciones son el trasvase y [&hellip;]<\/p>\n","protected":false},"author":1,"featured_media":0,"parent":0,"menu_order":0,"comment_status":"closed","ping_status":"closed","template":"","meta":{"_et_pb_use_builder":"on","_et_pb_old_content":"","_et_gb_content_width":"","footnotes":""},"class_list":["post-190","page","type-page","status-publish","hentry"],"_links":{"self":[{"href":"https:\/\/duotek.cl\/index.php?rest_route=\/wp\/v2\/pages\/190","targetHints":{"allow":["GET"]}}],"collection":[{"href":"https:\/\/duotek.cl\/index.php?rest_route=\/wp\/v2\/pages"}],"about":[{"href":"https:\/\/duotek.cl\/index.php?rest_route=\/wp\/v2\/types\/page"}],"author":[{"embeddable":true,"href":"https:\/\/duotek.cl\/index.php?rest_route=\/wp\/v2\/users\/1"}],"replies":[{"embeddable":true,"href":"https:\/\/duotek.cl\/index.php?rest_route=%2Fwp%2Fv2%2Fcomments&post=190"}],"version-history":[{"count":4,"href":"https:\/\/duotek.cl\/index.php?rest_route=\/wp\/v2\/pages\/190\/revisions"}],"predecessor-version":[{"id":348,"href":"https:\/\/duotek.cl\/index.php?rest_route=\/wp\/v2\/pages\/190\/revisions\/348"}],"wp:attachment":[{"href":"https:\/\/duotek.cl\/index.php?rest_route=%2Fwp%2Fv2%2Fmedia&parent=190"}],"curies":[{"name":"wp","href":"https:\/\/api.w.org\/{rel}","templated":true}]}}