{"id":138,"date":"2024-04-01T14:36:42","date_gmt":"2024-04-01T12:36:42","guid":{"rendered":"http:\/\/localhost\/webduotek\/?page_id=138"},"modified":"2025-01-24T19:08:52","modified_gmt":"2025-01-24T18:08:52","slug":"oxyguard-2","status":"publish","type":"page","link":"https:\/\/duotek.cl\/?page_id=138","title":{"rendered":"Oxyguard"},"content":{"rendered":"<p>[et_pb_section fb_built=\u00bb1&#8243; _builder_version=\u00bb4.22.2&#8243; _module_preset=\u00bbdefault\u00bb global_colors_info=\u00bb{}\u00bb][et_pb_row _builder_version=\u00bb4.22.2&#8243; _module_preset=\u00bbdefault\u00bb global_colors_info=\u00bb{}\u00bb][et_pb_column type=\u00bb4_4&#8243; _builder_version=\u00bb4.22.2&#8243; _module_preset=\u00bbdefault\u00bb global_colors_info=\u00bb{}\u00bb][et_pb_slider _builder_version=\u00bb4.27.4&#8243; _module_preset=\u00bbdefault\u00bb hover_enabled=\u00bb0&#8243; global_colors_info=\u00bb{}\u00bb sticky_enabled=\u00bb0&#8243;][et_pb_slide heading=\u00bbPort\u00e1tiles Oxyguard\u00bb use_bg_overlay=\u00bbon\u00bb _builder_version=\u00bb4.27.4&#8243; _module_preset=\u00bbdefault\u00bb background_image=\u00bbhttp:\/\/duotek.cl\/wp-content\/uploads\/2024\/03\/H05LDO-Polaris-C-Optical-2-scaled-1.jpg\u00bb background_enable_image=\u00bbon\u00bb hover_enabled=\u00bb0&#8243; global_colors_info=\u00bb{}\u00bb sticky_transition=\u00bbon\u00bb background_enable_color=\u00bboff\u00bb sticky_enabled=\u00bb0&#8243; title_text=\u00bbH05LDO-Polaris-C-Optical-2-scaled\u00bb]<\/p>\n<p>Los sistemas port\u00e1tiles de OxyGuard son herramientas vers\u00e1tiles y precisas dise\u00f1adas para medir y monitorear par\u00e1metros cr\u00edticos como el ox\u00edgeno disuelto, la temperatura, la salinidad, el pH y otros factores ambientales en entornos acu\u00e1ticos.<\/p>\n<p>[\/et_pb_slide][et_pb_slide heading=\u00bbEstacionarios Oxyguard\u00bb use_bg_overlay=\u00bbon\u00bb _builder_version=\u00bb4.27.4&#8243; _module_preset=\u00bbdefault\u00bb background_image=\u00bbhttp:\/\/duotek.cl\/wp-content\/uploads\/2024\/04\/IMG_0908-e1666870701926-thegem-product-single.png\u00bb background_enable_image=\u00bbon\u00bb hover_enabled=\u00bb0&#8243; global_colors_info=\u00bb{}\u00bb sticky_transition=\u00bbon\u00bb background_enable_color=\u00bboff\u00bb title_text=\u00bbIMG_0908-e1666870701926-thegem-product-single\u00bb sticky_enabled=\u00bb0&#8243;]<\/p>\n<p>Los sistemas estacionarios OxyGuard son soluciones integrales para el monitoreo y control de par\u00e1metros cr\u00edticos en entornos acu\u00e1ticos<\/p>\n<p>[\/et_pb_slide][\/et_pb_slider][\/et_pb_column][\/et_pb_row][et_pb_row _builder_version=\u00bb4.22.2&#8243; _module_preset=\u00bbdefault\u00bb global_colors_info=\u00bb{}\u00bb][et_pb_column type=\u00bb4_4&#8243; _builder_version=\u00bb4.22.2&#8243; _module_preset=\u00bbdefault\u00bb global_colors_info=\u00bb{}\u00bb][et_pb_text _builder_version=\u00bb4.22.2&#8243; _module_preset=\u00bbdefault\u00bb text_orientation=\u00bbcenter\u00bb global_colors_info=\u00bb{}\u00bb]<\/p>\n<h1 class=\"tw-data-text tw-text-large tw-ta\" data-placeholder=\"Traducci\u00f3n\" id=\"tw-target-text\" aria-label=\"Texto traducido\" data-ved=\"2ahUKEwjywarcgaGFAxW4pZUCHRO7Br0Q3ewLegQIBhAU\" dir=\"ltr\"><span class=\"Y2IQFc\" lang=\"es\">Monitoreo de par\u00e1metros del agua<\/span><\/h1>\n<pre class=\"tw-data-text tw-text-large tw-ta\" data-placeholder=\"Traducci\u00f3n\" id=\"tw-target-text\" aria-label=\"Texto traducido\" data-ved=\"2ahUKEwjywarcgaGFAxW4pZUCHRO7Br0Q3ewLegQIBhAU\" dir=\"ltr\"><\/pre>\n<p><span class=\"Y2IQFc\" lang=\"es\"><\/span><\/p>\n<p>[\/et_pb_text][et_pb_text _builder_version=\u00bb4.22.2&#8243; _module_preset=\u00bbdefault\u00bb global_colors_info=\u00bb{}\u00bb]<\/p>\n<p>OxyGuard es una marca reconocida en el campo de la acuicultura y la monitorizaci\u00f3n ambiental del agua. Sus dispositivos est\u00e1n dise\u00f1ados para medir y controlar varios par\u00e1metros cr\u00edticos del agua, tales como ox\u00edgeno disuelto, temperatura, di\u00f3xido de carbono (CO2), pH, entre otros. Estos medidores son esenciales para garantizar condiciones \u00f3ptimas para la vida acu\u00e1tica y el mantenimiento de ecosistemas saludables.nicas de peces representan un avance significativo en la industria acu\u00edcola, ofreciendo beneficios notables en t\u00e9rminos de eficiencia, calidad y manejo de recursos.<\/p>\n<p>[\/et_pb_text][\/et_pb_column][\/et_pb_row][et_pb_row _builder_version=\u00bb4.22.2&#8243; _module_preset=\u00bbdefault\u00bb global_colors_info=\u00bb{}\u00bb][et_pb_column type=\u00bb4_4&#8243; _builder_version=\u00bb4.22.2&#8243; _module_preset=\u00bbdefault\u00bb global_colors_info=\u00bb{}\u00bb][et_pb_shop type=\u00bbproduct_category\u00bb include_categories=\u00bb18&#8243; _builder_version=\u00bb4.22.2&#8243; _module_preset=\u00bbdefault\u00bb global_colors_info=\u00bb{}\u00bb][\/et_pb_shop][\/et_pb_column][\/et_pb_row][et_pb_row _builder_version=\u00bb4.22.2&#8243; _module_preset=\u00bbdefault\u00bb global_colors_info=\u00bb{}\u00bb][et_pb_column type=\u00bb4_4&#8243; _builder_version=\u00bb4.22.2&#8243; _module_preset=\u00bbdefault\u00bb global_colors_info=\u00bb{}\u00bb][et_pb_text _builder_version=\u00bb4.22.2&#8243; _module_preset=\u00bbdefault\u00bb global_colors_info=\u00bb{}\u00bb]<\/p>\n<h3><strong>OxyGuard System<\/strong><\/h3>\n<p>Los sistemas estacionarios OxyGuard son soluciones integrales para el monitoreo y control de par\u00e1metros cr\u00edticos en entornos acu\u00e1ticos. Estos sistemas est\u00e1n dise\u00f1ados para medir y mantener niveles \u00f3ptimos de ox\u00edgeno disuelto, temperatura, salinidad, pH y otros factores ambientales en tanques, estanques o pisciculturas. Con tecnolog\u00eda avanzada y precisi\u00f3n en las mediciones, los sistemas OxyGuard aseguran condiciones ideales para la vida acu\u00e1tica, contribuyendo as\u00ed al bienestar de los organismos y al \u00e9xito de proyectos acu\u00edcolas y de tratamiento de aguas..<\/p>\n<p>[\/et_pb_text][et_pb_shop type=\u00bbproduct_category\u00bb include_categories=\u00bb19&#8243; _builder_version=\u00bb4.22.2&#8243; _module_preset=\u00bbdefault\u00bb global_colors_info=\u00bb{}\u00bb][\/et_pb_shop][et_pb_image src=\u00bbhttp:\/\/localhost\/webduotek\/wp-content\/uploads\/2024\/04\/OxyGuard-logo-blue-RGB.webp\u00bb title_text=\u00bbOxyGuard-logo-blue-RGB\u00bb url=\u00bbhttps:\/\/www.oxyguard.dk\/\u00bb url_new_window=\u00bbon\u00bb _builder_version=\u00bb4.22.2&#8243; _module_preset=\u00bbdefault\u00bb width=\u00bb57%\u00bb module_alignment=\u00bbcenter\u00bb global_colors_info=\u00bb{}\u00bb][\/et_pb_image][\/et_pb_column][\/et_pb_row][\/et_pb_section]<\/p>\n","protected":false},"excerpt":{"rendered":"<p>Los sistemas port\u00e1tiles de OxyGuard son herramientas vers\u00e1tiles y precisas dise\u00f1adas para medir y monitorear par\u00e1metros cr\u00edticos como el ox\u00edgeno disuelto, la temperatura, la salinidad, el pH y otros factores ambientales en entornos acu\u00e1ticos.Los sistemas estacionarios OxyGuard son soluciones integrales para el monitoreo y control de par\u00e1metros cr\u00edticos en entornos acu\u00e1ticosMonitoreo de par\u00e1metros del agua [&hellip;]<\/p>\n","protected":false},"author":1,"featured_media":0,"parent":0,"menu_order":0,"comment_status":"closed","ping_status":"closed","template":"","meta":{"_et_pb_use_builder":"on","_et_pb_old_content":"","_et_gb_content_width":"","footnotes":""},"class_list":["post-138","page","type-page","status-publish","hentry"],"_links":{"self":[{"href":"https:\/\/duotek.cl\/index.php?rest_route=\/wp\/v2\/pages\/138","targetHints":{"allow":["GET"]}}],"collection":[{"href":"https:\/\/duotek.cl\/index.php?rest_route=\/wp\/v2\/pages"}],"about":[{"href":"https:\/\/duotek.cl\/index.php?rest_route=\/wp\/v2\/types\/page"}],"author":[{"embeddable":true,"href":"https:\/\/duotek.cl\/index.php?rest_route=\/wp\/v2\/users\/1"}],"replies":[{"embeddable":true,"href":"https:\/\/duotek.cl\/index.php?rest_route=%2Fwp%2Fv2%2Fcomments&post=138"}],"version-history":[{"count":10,"href":"https:\/\/duotek.cl\/index.php?rest_route=\/wp\/v2\/pages\/138\/revisions"}],"predecessor-version":[{"id":343,"href":"https:\/\/duotek.cl\/index.php?rest_route=\/wp\/v2\/pages\/138\/revisions\/343"}],"wp:attachment":[{"href":"https:\/\/duotek.cl\/index.php?rest_route=%2Fwp%2Fv2%2Fmedia&parent=138"}],"curies":[{"name":"wp","href":"https:\/\/api.w.org\/{rel}","templated":true}]}}