{"id":113,"date":"2024-03-28T21:14:52","date_gmt":"2024-03-28T20:14:52","guid":{"rendered":"http:\/\/localhost\/webduotek\/?page_id=113"},"modified":"2025-01-23T21:08:27","modified_gmt":"2025-01-23T20:08:27","slug":"id","status":"publish","type":"page","link":"https:\/\/duotek.cl\/?page_id=113","title":{"rendered":"I+D"},"content":{"rendered":"<p>[et_pb_section fb_built=\u00bb1&#8243; _builder_version=\u00bb4.22.2&#8243; _module_preset=\u00bbdefault\u00bb global_colors_info=\u00bb{}\u00bb][et_pb_row column_structure=\u00bb1_2,1_2&#8243; _builder_version=\u00bb4.22.2&#8243; _module_preset=\u00bbdefault\u00bb global_colors_info=\u00bb{}\u00bb][et_pb_column type=\u00bb1_2&#8243; _builder_version=\u00bb4.22.2&#8243; _module_preset=\u00bbdefault\u00bb global_colors_info=\u00bb{}\u00bb][et_pb_image src=\u00bbhttp:\/\/localhost\/webduotek\/wp-content\/uploads\/2024\/03\/imagen1.png\u00bb title_text=\u00bbimagen1&#8243; _builder_version=\u00bb4.22.2&#8243; _module_preset=\u00bbdefault\u00bb global_colors_info=\u00bb{}\u00bb][\/et_pb_image][\/et_pb_column][et_pb_column type=\u00bb1_2&#8243; _builder_version=\u00bb4.22.2&#8243; _module_preset=\u00bbdefault\u00bb global_colors_info=\u00bb{}\u00bb][et_pb_text _builder_version=\u00bb4.27.4&#8243; _module_preset=\u00bbdefault\u00bb hover_enabled=\u00bb0&#8243; global_colors_info=\u00bb{}\u00bb text_font_size=\u00bb16px\u00bb sticky_enabled=\u00bb0&#8243;]<\/p>\n<h3>Proyecto Contador<\/h3>\n<p style=\"text-align: justify;\">El contaje de peces en tiempo real es una actividad cotidiana realizada en la industria de la acuicultura. Conocer el n\u00famero de peces y su calibre es una informaci\u00f3n crucial para los procesos de cr\u00eda, venta y traslado de peces en la industria. Actualmente, el mercado ofrece soluciones de algunos fabricantes que cumplen esta funci\u00f3n, pero con un alto precio de venta y adem\u00e1s que no han resuelto completamente el problema. Los nuevos sensores, las nuevas t\u00e9cnicas en Visi\u00f3n por Computador, el crecimiento en estos \u00faltimos a\u00f1os de la Inteligencia Artificial y en particular, de las t\u00e9cnicas de Deep Learning, nos hacen pensar que es posible el desarrollo local de un nuevo de tipo de contaje para la industria. En este proyecto se pretende explorar un sistema basado en sens\u00f3rica de \u00faltima generaci\u00f3n de espectro infrarrojo, procesadores GPU embebidos y t\u00e9cnicas de Deep Learning, que permita desarrollar un sistema de detecci\u00f3n, estimaci\u00f3n de biomasa y contaje de alta precisi\u00f3n y de bajo costo.<\/p>\n<p>[\/et_pb_text][et_pb_gallery gallery_ids=\u00bb128,129&#8243; show_title_and_caption=\u00bboff\u00bb _builder_version=\u00bb4.22.2&#8243; _module_preset=\u00bbdefault\u00bb global_colors_info=\u00bb{}\u00bb][\/et_pb_gallery][\/et_pb_column][\/et_pb_row][et_pb_row column_structure=\u00bb1_2,1_2&#8243; _builder_version=\u00bb4.22.2&#8243; _module_preset=\u00bbdefault\u00bb global_colors_info=\u00bb{}\u00bb][et_pb_column type=\u00bb1_2&#8243; _builder_version=\u00bb4.22.2&#8243; _module_preset=\u00bbdefault\u00bb global_colors_info=\u00bb{}\u00bb][et_pb_text _builder_version=\u00bb4.27.4&#8243; _module_preset=\u00bbdefault\u00bb hover_enabled=\u00bb0&#8243; global_colors_info=\u00bb{}\u00bb text_font_size=\u00bb16px\u00bb sticky_enabled=\u00bb0&#8243;]<\/p>\n<h3>Objetivo del Proyecto<\/h3>\n<p style=\"text-align: justify;\">Dise\u00f1ar, implementar y evaluar un sistema de detecci\u00f3n, estimaci\u00f3n de biomasa y contaje de peces basado en sensores de espectro infrarrojo, t\u00e9cnicas de Inteligencia Artificial y procesadores GPU embebidos, que permitan mejorar aspectos de precisi\u00f3n, velocidad de los sistemas de contaje actuales y a un menor valor comercial.<\/p>\n<p>[\/et_pb_text][\/et_pb_column][et_pb_column type=\u00bb1_2&#8243; _builder_version=\u00bb4.22.2&#8243; _module_preset=\u00bbdefault\u00bb global_colors_info=\u00bb{}\u00bb][et_pb_image src=\u00bbhttp:\/\/localhost\/webduotek\/wp-content\/uploads\/2024\/03\/imagen2.png\u00bb title_text=\u00bbimagen2&#8243; _builder_version=\u00bb4.22.2&#8243; _module_preset=\u00bbdefault\u00bb global_colors_info=\u00bb{}\u00bb][\/et_pb_image][\/et_pb_column][\/et_pb_row][et_pb_row column_structure=\u00bb1_2,1_2&#8243; _builder_version=\u00bb4.22.2&#8243; _module_preset=\u00bbdefault\u00bb global_colors_info=\u00bb{}\u00bb][et_pb_column type=\u00bb1_2&#8243; _builder_version=\u00bb4.22.2&#8243; _module_preset=\u00bbdefault\u00bb global_colors_info=\u00bb{}\u00bb][et_pb_image src=\u00bbhttp:\/\/localhost\/webduotek\/wp-content\/uploads\/2024\/03\/imagen4.png\u00bb title_text=\u00bbimagen4&#8243; _builder_version=\u00bb4.22.2&#8243; _module_preset=\u00bbdefault\u00bb global_colors_info=\u00bb{}\u00bb][\/et_pb_image][\/et_pb_column][et_pb_column type=\u00bb1_2&#8243; _builder_version=\u00bb4.22.2&#8243; _module_preset=\u00bbdefault\u00bb global_colors_info=\u00bb{}\u00bb][et_pb_text _builder_version=\u00bb4.27.4&#8243; _module_preset=\u00bbdefault\u00bb hover_enabled=\u00bb0&#8243; global_colors_info=\u00bb{}\u00bb text_font_size=\u00bb16px\u00bb sticky_enabled=\u00bb0&#8243;]<\/p>\n<h3>Sistema de transporte de peces<\/h3>\n<p style=\"text-align: justify;\">Este sistema debe permitir desplazar los peces en un canal por medio de la circulaci\u00f3n de agua, procurando un desplazamiento uniforme y a velocidad constante de los peces. El sistema se ha construido considerando canales de circulaci\u00f3n de peces que permite inclusive su instalaci\u00f3n en sistemas reales de transporte de peces.<\/p>\n<p>[\/et_pb_text][\/et_pb_column][\/et_pb_row][et_pb_row _builder_version=\u00bb4.22.2&#8243; _module_preset=\u00bbdefault\u00bb global_colors_info=\u00bb{}\u00bb][et_pb_column type=\u00bb4_4&#8243; _builder_version=\u00bb4.22.2&#8243; _module_preset=\u00bbdefault\u00bb global_colors_info=\u00bb{}\u00bb][et_pb_divider _builder_version=\u00bb4.22.2&#8243; _module_preset=\u00bbdefault\u00bb global_colors_info=\u00bb{}\u00bb][\/et_pb_divider][\/et_pb_column][\/et_pb_row][et_pb_row _builder_version=\u00bb4.22.2&#8243; _module_preset=\u00bbdefault\u00bb global_colors_info=\u00bb{}\u00bb][et_pb_column type=\u00bb4_4&#8243; _builder_version=\u00bb4.22.2&#8243; _module_preset=\u00bbdefault\u00bb global_colors_info=\u00bb{}\u00bb][et_pb_image src=\u00bbhttp:\/\/localhost\/webduotek\/wp-content\/uploads\/2024\/03\/logo-corfo-1.webp\u00bb title_text=\u00bblogo-corfo-1&#8243; align=\u00bbcenter\u00bb _builder_version=\u00bb4.22.2&#8243; _module_preset=\u00bbdefault\u00bb global_colors_info=\u00bb{}\u00bb][\/et_pb_image][\/et_pb_column][\/et_pb_row][\/et_pb_section]<\/p>\n","protected":false},"excerpt":{"rendered":"<p>Proyecto Contador El contaje de peces en tiempo real es una actividad cotidiana realizada en la industria de la acuicultura. Conocer el n\u00famero de peces y su calibre es una informaci\u00f3n crucial para los procesos de cr\u00eda, venta y traslado de peces en la industria. Actualmente, el mercado ofrece soluciones de algunos fabricantes que cumplen [&hellip;]<\/p>\n","protected":false},"author":1,"featured_media":0,"parent":0,"menu_order":0,"comment_status":"closed","ping_status":"closed","template":"","meta":{"_et_pb_use_builder":"on","_et_pb_old_content":"<!-- wp:divi\/placeholder \/-->","_et_gb_content_width":"","footnotes":""},"class_list":["post-113","page","type-page","status-publish","hentry"],"_links":{"self":[{"href":"https:\/\/duotek.cl\/index.php?rest_route=\/wp\/v2\/pages\/113","targetHints":{"allow":["GET"]}}],"collection":[{"href":"https:\/\/duotek.cl\/index.php?rest_route=\/wp\/v2\/pages"}],"about":[{"href":"https:\/\/duotek.cl\/index.php?rest_route=\/wp\/v2\/types\/page"}],"author":[{"embeddable":true,"href":"https:\/\/duotek.cl\/index.php?rest_route=\/wp\/v2\/users\/1"}],"replies":[{"embeddable":true,"href":"https:\/\/duotek.cl\/index.php?rest_route=%2Fwp%2Fv2%2Fcomments&post=113"}],"version-history":[{"count":5,"href":"https:\/\/duotek.cl\/index.php?rest_route=\/wp\/v2\/pages\/113\/revisions"}],"predecessor-version":[{"id":324,"href":"https:\/\/duotek.cl\/index.php?rest_route=\/wp\/v2\/pages\/113\/revisions\/324"}],"wp:attachment":[{"href":"https:\/\/duotek.cl\/index.php?rest_route=%2Fwp%2Fv2%2Fmedia&parent=113"}],"curies":[{"name":"wp","href":"https:\/\/api.w.org\/{rel}","templated":true}]}}